{"id":34940,"date":"2019-02-01T22:11:28","date_gmt":"2019-02-01T22:11:28","guid":{"rendered":"http:\/\/e-motivasyon.net\/?page_id=34940"},"modified":"2024-08-16T08:17:59","modified_gmt":"2024-08-16T08:17:59","slug":"iletisim","status":"publish","type":"page","link":"https:\/\/e-motivasyon.net\/en\/iletisim","title":{"rendered":"\u2709"},"content":{"rendered":"<p>You can contact the Site Management from this section. Before sending a message, please consider the following:<\/p>\n<ul>\n<li>To Get Information and Make a Request About Training and Coaching Services <strong><a href=\"https:\/\/www.tayfuntopaloglu.com\/online-kayit-formu\/\" target=\"_blank\" rel=\"noopener\">Online Registration Form<\/a><\/strong>You can use<\/li>\n<li>Your Thoughts About Our Work <strong><a href=\"http:\/\/e-motivasyon.net\/en\/gorusleriniz.html\/\" target=\"_blank\" rel=\"noopener\">your feedback<\/a> <\/strong>You can share section.<\/li>\n<li>Messages Regarding Personal Question(s) Sent From the Communication Section Cannot Be Responded and Special Consultancy Is Not Provided. Thank you for your attention.<\/li>\n<li><span style=\"color: #ff6600;\"><em>You can reach us at our e-mail address for your advertisement and all cooperation offers.<\/em><\/span><\/li>\n<\/ul>\n<p>Email: <strong>emotivasyon@gmail.com<\/strong><\/p>","protected":false},"excerpt":{"rendered":"<p>Bu K\u0131s\u0131mdan Site Y\u00f6netimi ile \u0130leti\u015fim Kurabilirsiniz. Mesaj Atmadan \u00d6nce L\u00fctfen \u015eu K\u0131s\u0131mlar\u0131 Dikkate Al\u0131n\u0131z : [&hellip;]<\/p>\n","protected":false},"author":13786,"featured_media":0,"parent":0,"menu_order":0,"comment_status":"closed","ping_status":"closed","template":"","meta":{"footnotes":""},"class_list":["post-34940","page","type-page","status-publish","hentry"],"yoast_head":"<!-- This site is optimized with the Yoast SEO plugin v27.0 - https:\/\/yoast.com\/product\/yoast-seo-wordpress\/ -->\n<title>\u0130leti\u015fim | E-Motivasyon<\/title>\n<meta name=\"description\" content=\"E-Motivasyon platformu ileti\u015fim sayfas\u0131. Bu k\u0131s\u0131mdan site y\u00f6netimiyle ileti\u015fim kurabilirsiniz.\" \/>\n<meta name=\"robots\" content=\"index, follow, max-snippet:-1, max-image-preview:large, max-video-preview:-1\" \/>\n<link rel=\"canonical\" href=\"https:\/\/e-motivasyon.net\/en\/iletisim\/\" \/>\n<meta property=\"og:locale\" content=\"en_GB\" \/>\n<meta property=\"og:type\" content=\"article\" \/>\n<meta property=\"og:title\" content=\"\u0130leti\u015fim | E-Motivasyon\" \/>\n<meta property=\"og:description\" content=\"E-Motivasyon platformu ileti\u015fim sayfas\u0131. Bu k\u0131s\u0131mdan site y\u00f6netimiyle ileti\u015fim kurabilirsiniz.\" \/>\n<meta property=\"og:url\" content=\"https:\/\/e-motivasyon.net\/en\/iletisim\/\" \/>\n<meta property=\"og:site_name\" content=\"E-Motivasyon\" \/>\n<meta property=\"article:publisher\" content=\"https:\/\/www.facebook.com\/emotivasyon\" \/>\n<meta property=\"article:modified_time\" content=\"2024-08-16T08:17:59+00:00\" \/>\n<meta property=\"og:image\" content=\"https:\/\/e-motivasyon.net\/wp-content\/uploads\/2015\/08\/e-motivasyon.net_.png\" \/>\n\t<meta property=\"og:image:width\" content=\"200\" \/>\n\t<meta property=\"og:image:height\" content=\"200\" \/>\n\t<meta property=\"og:image:type\" content=\"image\/png\" \/>\n<meta name=\"twitter:card\" content=\"summary_large_image\" \/>\n<meta name=\"twitter:site\" content=\"@emotivasyon\" \/>\n<meta name=\"twitter:label1\" content=\"Estimated reading time\" \/>\n\t<meta name=\"twitter:data1\" content=\"1 minute\" \/>\n<script type=\"application\/ld+json\" class=\"yoast-schema-graph\">{\"@context\":\"https:\/\/schema.org\",\"@graph\":[{\"@type\":\"WebPage\",\"@id\":\"https:\/\/e-motivasyon.net\/iletisim\",\"url\":\"https:\/\/e-motivasyon.net\/iletisim\",\"name\":\"\u0130leti\u015fim | E-Motivasyon\",\"isPartOf\":{\"@id\":\"https:\/\/e-motivasyon.net\/#website\"},\"datePublished\":\"2019-02-01T22:11:28+00:00\",\"dateModified\":\"2024-08-16T08:17:59+00:00\",\"description\":\"E-Motivasyon platformu ileti\u015fim sayfas\u0131. Bu k\u0131s\u0131mdan site y\u00f6netimiyle ileti\u015fim kurabilirsiniz.\",\"breadcrumb\":{\"@id\":\"https:\/\/e-motivasyon.net\/iletisim#breadcrumb\"},\"inLanguage\":\"en-GB\",\"potentialAction\":[{\"@type\":\"ReadAction\",\"target\":[\"https:\/\/e-motivasyon.net\/iletisim\"]}]},{\"@type\":\"BreadcrumbList\",\"@id\":\"https:\/\/e-motivasyon.net\/iletisim#breadcrumb\",\"itemListElement\":[{\"@type\":\"ListItem\",\"position\":1,\"name\":\"Ana Sayfa\",\"item\":\"https:\/\/e-motivasyon.net\/\"},{\"@type\":\"ListItem\",\"position\":2,\"name\":\"\u0130leti\u015fim\"}]},{\"@type\":\"WebSite\",\"@id\":\"https:\/\/e-motivasyon.net\/#website\",\"url\":\"https:\/\/e-motivasyon.net\/\",\"name\":\"E-Motivasyon\",\"description\":\"Motivasyon Adresin\",\"publisher\":{\"@id\":\"https:\/\/e-motivasyon.net\/#organization\"},\"alternateName\":\"E-Motivasyon\",\"potentialAction\":[{\"@type\":\"SearchAction\",\"target\":{\"@type\":\"EntryPoint\",\"urlTemplate\":\"https:\/\/e-motivasyon.net\/?s={search_term_string}\"},\"query-input\":{\"@type\":\"PropertyValueSpecification\",\"valueRequired\":true,\"valueName\":\"search_term_string\"}}],\"inLanguage\":\"en-GB\"},{\"@type\":\"Organization\",\"@id\":\"https:\/\/e-motivasyon.net\/#organization\",\"name\":\"e-motivasyon.net\",\"alternateName\":\"E-Motivasyon\",\"url\":\"https:\/\/e-motivasyon.net\/\",\"logo\":{\"@type\":\"ImageObject\",\"inLanguage\":\"en-GB\",\"@id\":\"https:\/\/e-motivasyon.net\/#\/schema\/logo\/image\/\",\"url\":\"http:\/\/e-motivasyon.net\/wp-content\/uploads\/2015\/08\/e-motivasyon.net_.png\",\"contentUrl\":\"http:\/\/e-motivasyon.net\/wp-content\/uploads\/2015\/08\/e-motivasyon.net_.png\",\"width\":200,\"height\":200,\"caption\":\"e-motivasyon.net\"},\"image\":{\"@id\":\"https:\/\/e-motivasyon.net\/#\/schema\/logo\/image\/\"},\"sameAs\":[\"https:\/\/www.facebook.com\/emotivasyon\",\"https:\/\/x.com\/emotivasyon\"]}]}<\/script>\n<!-- \/ Yoast SEO plugin. -->","yoast_head_json":{"title":"\u0130leti\u015fim | E-Motivasyon","description":"E-Motivasyon platformu ileti\u015fim sayfas\u0131. Bu k\u0131s\u0131mdan site y\u00f6netimiyle ileti\u015fim kurabilirsiniz.","robots":{"index":"index","follow":"follow","max-snippet":"max-snippet:-1","max-image-preview":"max-image-preview:large","max-video-preview":"max-video-preview:-1"},"canonical":"https:\/\/e-motivasyon.net\/en\/iletisim\/","og_locale":"en_GB","og_type":"article","og_title":"\u0130leti\u015fim | E-Motivasyon","og_description":"E-Motivasyon platformu ileti\u015fim sayfas\u0131. Bu k\u0131s\u0131mdan site y\u00f6netimiyle ileti\u015fim kurabilirsiniz.","og_url":"https:\/\/e-motivasyon.net\/en\/iletisim\/","og_site_name":"E-Motivasyon","article_publisher":"https:\/\/www.facebook.com\/emotivasyon","article_modified_time":"2024-08-16T08:17:59+00:00","og_image":[{"width":200,"height":200,"url":"https:\/\/e-motivasyon.net\/wp-content\/uploads\/2015\/08\/e-motivasyon.net_.png","type":"image\/png"}],"twitter_card":"summary_large_image","twitter_site":"@emotivasyon","twitter_misc":{"Estimated reading time":"1 minute"},"schema":{"@context":"https:\/\/schema.org","@graph":[{"@type":"WebPage","@id":"https:\/\/e-motivasyon.net\/iletisim","url":"https:\/\/e-motivasyon.net\/iletisim","name":"\u0130leti\u015fim | E-Motivasyon","isPartOf":{"@id":"https:\/\/e-motivasyon.net\/#website"},"datePublished":"2019-02-01T22:11:28+00:00","dateModified":"2024-08-16T08:17:59+00:00","description":"E-Motivasyon platformu ileti\u015fim sayfas\u0131. Bu k\u0131s\u0131mdan site y\u00f6netimiyle ileti\u015fim kurabilirsiniz.","breadcrumb":{"@id":"https:\/\/e-motivasyon.net\/iletisim#breadcrumb"},"inLanguage":"en-GB","potentialAction":[{"@type":"ReadAction","target":["https:\/\/e-motivasyon.net\/iletisim"]}]},{"@type":"BreadcrumbList","@id":"https:\/\/e-motivasyon.net\/iletisim#breadcrumb","itemListElement":[{"@type":"ListItem","position":1,"name":"Ana Sayfa","item":"https:\/\/e-motivasyon.net\/"},{"@type":"ListItem","position":2,"name":"\u0130leti\u015fim"}]},{"@type":"WebSite","@id":"https:\/\/e-motivasyon.net\/#website","url":"https:\/\/e-motivasyon.net\/","name":"E-Motivation","description":"Motivasyon Adresin","publisher":{"@id":"https:\/\/e-motivasyon.net\/#organization"},"alternateName":"E-Motivasyon","potentialAction":[{"@type":"SearchAction","target":{"@type":"EntryPoint","urlTemplate":"https:\/\/e-motivasyon.net\/?s={search_term_string}"},"query-input":{"@type":"PropertyValueSpecification","valueRequired":true,"valueName":"search_term_string"}}],"inLanguage":"en-GB"},{"@type":"Organization","@id":"https:\/\/e-motivasyon.net\/#organization","name":"e-motivation.net","alternateName":"E-Motivasyon","url":"https:\/\/e-motivasyon.net\/","logo":{"@type":"ImageObject","inLanguage":"en-GB","@id":"https:\/\/e-motivasyon.net\/#\/schema\/logo\/image\/","url":"http:\/\/e-motivasyon.net\/wp-content\/uploads\/2015\/08\/e-motivasyon.net_.png","contentUrl":"http:\/\/e-motivasyon.net\/wp-content\/uploads\/2015\/08\/e-motivasyon.net_.png","width":200,"height":200,"caption":"e-motivasyon.net"},"image":{"@id":"https:\/\/e-motivasyon.net\/#\/schema\/logo\/image\/"},"sameAs":["https:\/\/www.facebook.com\/emotivasyon","https:\/\/x.com\/emotivasyon"]}]}},"_links":{"self":[{"href":"https:\/\/e-motivasyon.net\/en\/wp-json\/wp\/v2\/pages\/34940","targetHints":{"allow":["GET"]}}],"collection":[{"href":"https:\/\/e-motivasyon.net\/en\/wp-json\/wp\/v2\/pages"}],"about":[{"href":"https:\/\/e-motivasyon.net\/en\/wp-json\/wp\/v2\/types\/page"}],"author":[{"embeddable":true,"href":"https:\/\/e-motivasyon.net\/en\/wp-json\/wp\/v2\/users\/13786"}],"replies":[{"embeddable":true,"href":"https:\/\/e-motivasyon.net\/en\/wp-json\/wp\/v2\/comments?post=34940"}],"version-history":[{"count":0,"href":"https:\/\/e-motivasyon.net\/en\/wp-json\/wp\/v2\/pages\/34940\/revisions"}],"wp:attachment":[{"href":"https:\/\/e-motivasyon.net\/en\/wp-json\/wp\/v2\/media?parent=34940"}],"curies":[{"name":"wp","href":"https:\/\/api.w.org\/{rel}","templated":true}]}}